{"id":1035,"date":"2025-11-03T16:44:08","date_gmt":"2025-11-03T15:44:08","guid":{"rendered":"https:\/\/zeocat.es\/aviso-legal\/"},"modified":"2026-04-10T10:36:54","modified_gmt":"2026-04-10T08:36:54","slug":"legal-notice","status":"publish","type":"page","link":"https:\/\/zeocat.es\/en\/legal-notice\/","title":{"rendered":"Legal Notice"},"content":{"rendered":"<div>\n<h2>Prior Recommendation<\/h2>\n<p>Please read all sections of this legal notice and our privacy policy before using this website. The following conditions are binding for any user of the site.<\/p>\n<p>In compliance with the duty to provide information set out in Law 34\/2002 of July 11 on Information Society Services and Electronic Commerce (LSSI-CE), the following general information about this website is provided below.<\/p>\n<p>The purpose of this text is to explain in detail the functionalities of this website and to provide you with all information related to the responsible party and the purpose of the content included on it.<\/p>\n<h2>Introduction; Identification Data and Users<\/h2>\n<p>This legal notice and privacy policy regulate the use of the Internet PORTAL service www.zeocat.es, informing you, in compliance with Law 34\/2002 of July 11 on Information Society Services and Electronic Commerce, of the following:<\/p>\n<p>Company name of the Responsible Party: Zeocat Soluciones Ecol\u00f3gicas S.L.U.<\/p>\n<p>Tax ID (CIF): B64753635<\/p>\n<p>You may contact us through various means: e-mail zeocat@zeocat.es<\/p>\n<p>Purpose of the portal: Sale of natural zeolite mineral.<\/p>\n<h2>General Conditions of Use of the Portal<\/h2>\n<p>We ask you to carefully read the terms and advice for accessing this address and any page or link contained within it. By accessing it, you agree to comply with the terms and conditions set out below.<\/p>\n<p>Zeocat Soluciones Ecol\u00f3gicas SLU reserves the right to unilaterally modify the configuration of this page or the services provided therein at any time and without prior notice. If you do not agree with the following terms or conditions, please do not access this address or any page or link contained within it.<\/p>\n<h2>Copyright. Zeocat Soluciones Ecol\u00f3gicas SLU Reserves All Rights<\/h2>\n<p>The logos of Zeocat Soluciones Ecol\u00f3gicas SLU are registered trademarks identifying the services provided. Likewise, Zeocat Soluciones Ecol\u00f3gicas SLU may claim trademark rights and service mark rights over the brands belonging to its group that appear on the website.<\/p>\n<h2>Trademarks<\/h2>\n<p>The intellectual property rights of these pages, the screens displaying them, and the information and material contained therein, as well as their arrangement, belong to Zeocat Soluciones Ecol\u00f3gicas SLU unless otherwise stated.<\/p>\n<h2>Conditions of Use of the Website<\/h2>\n<p>The content of this website is protected by intellectual property laws. Such content must be used correctly and lawfully by the user and, in particular, the user is obliged to use it diligently, properly, and legally.<\/p>\n<p>The content may not be used in a manner contrary to the law, morality, or generally accepted public order.<\/p>\n<p>The transmission of any type of data to this website, or to others belonging to Zeocat Soluciones Ecol\u00f3gicas SLU whose links may be found on this page, is prohibited if it infringes third-party property rights, is obscene, pornographic, defamatory, threatening, or constitutes material that may be considered a criminal offense under the current Penal Code.<\/p>\n<p>The reproduction, copying, distribution, transformation, or modification of content (texts, images, audio, or structure) is prohibited unless express written authorization has been obtained from the rights holder.<\/p>\n<h2>Liability for Damages<\/h2>\n<p>The user of the Zeocat Soluciones Ecol\u00f3gicas SLU website or any of its affiliated companies&#8217; websites shall be liable for any damages that Zeocat Soluciones Ecol\u00f3gicas SLU may suffer, directly or indirectly, as a result of failure to comply with any of the obligations set forth in this Legal Notice.<\/p>\n<h2>Limitation of Liability<\/h2>\n<p>In no event shall Zeocat Soluciones Ecol\u00f3gicas SLU, or any of its affiliates, be liable for any damage, including without limitation direct or indirect damages, losses, or expenses arising in connection with the use of this website or the links to other pages contained herein.<\/p>\n<p>In any case, if required by court order, Zeocat Soluciones Ecol\u00f3gicas SLU will cooperate with the relevant authorities in identifying those responsible for any content that may violate the law.<\/p>\n<p>Likewise, Zeocat Soluciones Ecol\u00f3gicas SLU, and therefore its affiliates, disclaim all liability in cases of performance failure, error, omission, interruption, delay in transmission, computer virus, system or line failure, as well as regarding the content, accuracy, and opinions expressed, and other connections provided through these means.<\/p>\n<p>The Zeocat Soluciones Ecol\u00f3gicas SLU website includes links to certain third-party websites over which Zeocat Soluciones Ecol\u00f3gicas SLU has no control. In such cases, Zeocat Soluciones Ecol\u00f3gicas SLU assumes no responsibility or commitment regarding the information contained on those pages.<\/p>\n<h2>Update<\/h2>\n<p>Document reviewed on March 2, 2026.<\/p>\n<\/div>\n<p><!--more--><br \/>\n<!-- {\"type\":\"layout\",\"children\":[{\"type\":\"section\",\"props\":{\"image_position\":\"center-center\",\"style\":\"default\",\"title_breakpoint\":\"xl\",\"title_position\":\"top-left\",\"title_rotation\":\"left\",\"vertical_align\":\"middle\",\"width\":\"default\"},\"children\":[{\"type\":\"row\",\"children\":[{\"type\":\"column\",\"props\":{\"image_position\":\"center-center\",\"position_sticky_breakpoint\":\"m\"},\"children\":[{\"type\":\"headline\",\"props\":{\"image_align\":\"left\",\"image_margin\":\"xsmall\",\"title_color\":\"primary\",\"title_element\":\"h1\"},\"source\":{\"query\":{\"name\":\"pages.singlePage\"},\"props\":{\"content\":{\"name\":\"title\"}}}},{\"type\":\"text\",\"props\":{\"column_breakpoint\":\"m\",\"content\":\"\n\n<h2>Prior Recommendation<\/h2>\n\n\\n\n\n<p>Please read all sections of this legal notice and our privacy policy before using this website. The following conditions are binding for any user of the site.<\/p>\n\n\\n\n\n<p>In compliance with the duty to provide information set out in Law 34\/2002 of July 11 on Information Society Services and Electronic Commerce (LSSI-CE), the following general information about this website is provided below.<\/p>\n\n\\n\n\n<p>The purpose of this text is to explain in detail the functionalities of this website and to provide you with all information related to the responsible party and the purpose of the content included on it.<\/p>\n\n\\n\n\n<h2>Introduction; Identification Data and Users<\/h2>\n\n\\n\n\n<p>This legal notice and privacy policy regulate the use of the Internet PORTAL service www.zeocat.es, informing you, in compliance with Law 34\/2002 of July 11 on Information Society Services and Electronic Commerce, of the following:<\/p>\n\n\\n\n\n<p>Company name of the Responsible Party: Zeocat Soluciones Ecol\u00f3gicas S.L.U.<\/p>\n\n\\n\n\n<p>Tax ID (CIF): B64753635<\/p>\n\n\\n\n\n<p>You may contact us through various means: e-mail zeocat@zeocat.es<\/p>\n\n\\n\n\n<p>Purpose of the portal: Sale of natural zeolite mineral.<\/p>\n\n\\n\n\n<h2>General Conditions of Use of the Portal<\/h2>\n\n\\n\n\n<p>We ask you to carefully read the terms and advice for accessing this address and any page or link contained within it. By accessing it, you agree to comply with the terms and conditions set out below.<\/p>\n\n\\n\n\n<p>Zeocat Soluciones Ecol\u00f3gicas SLU reserves the right to unilaterally modify the configuration of this page or the services provided therein at any time and without prior notice. If you do not agree with the following terms or conditions, please do not access this address or any page or link contained within it.<\/p>\n\n\\n\n\n<h2>Copyright. Zeocat Soluciones Ecol\u00f3gicas SLU Reserves All Rights<\/h2>\n\n\\n\n\n<p>The logos of Zeocat Soluciones Ecol\u00f3gicas SLU are registered trademarks identifying the services provided. Likewise, Zeocat Soluciones Ecol\u00f3gicas SLU may claim trademark rights and service mark rights over the brands belonging to its group that appear on the website.<\/p>\n\n\\n\n\n<h2>Trademarks<\/h2>\n\n\\n\n\n<p>The intellectual property rights of these pages, the screens displaying them, and the information and material contained therein, as well as their arrangement, belong to Zeocat Soluciones Ecol\u00f3gicas SLU unless otherwise stated.<\/p>\n\n\\n\n\n<h2>Conditions of Use of the Website<\/h2>\n\n\\n\n\n<p>The content of this website is protected by intellectual property laws. Such content must be used correctly and lawfully by the user and, in particular, the user is obliged to use it diligently, properly, and legally.<\/p>\n\n\\n\n\n<p>The content may not be used in a manner contrary to the law, morality, or generally accepted public order.<\/p>\n\n\\n\n\n<p>The transmission of any type of data to this website, or to others belonging to Zeocat Soluciones Ecol\u00f3gicas SLU whose links may be found on this page, is prohibited if it infringes third-party property rights, is obscene, pornographic, defamatory, threatening, or constitutes material that may be considered a criminal offense under the current Penal Code.<\/p>\n\n\\n\n\n<p>The reproduction, copying, distribution, transformation, or modification of content (texts, images, audio, or structure) is prohibited unless express written authorization has been obtained from the rights holder.<\/p>\n\n\\n\n\n<h2>Liability for Damages<\/h2>\n\n\\n\n\n<p>The user of the Zeocat Soluciones Ecol\u00f3gicas SLU website or any of its affiliated companies' websites shall be liable for any damages that Zeocat Soluciones Ecol\u00f3gicas SLU may suffer, directly or indirectly, as a result of failure to comply with any of the obligations set forth in this Legal Notice.<\/p>\n\n\\n\n\n<h2>Limitation of Liability<\/h2>\n\n\\n\n\n<p>In no event shall Zeocat Soluciones Ecol\u00f3gicas SLU, or any of its affiliates, be liable for any damage, including without limitation direct or indirect damages, losses, or expenses arising in connection with the use of this website or the links to other pages contained herein.<\/p>\n\n\\n\n\n<p>In any case, if required by court order, Zeocat Soluciones Ecol\u00f3gicas SLU will cooperate with the relevant authorities in identifying those responsible for any content that may violate the law.<\/p>\n\n\\n\n\n<p>Likewise, Zeocat Soluciones Ecol\u00f3gicas SLU, and therefore its affiliates, disclaim all liability in cases of performance failure, error, omission, interruption, delay in transmission, computer virus, system or line failure, as well as regarding the content, accuracy, and opinions expressed, and other connections provided through these means.<\/p>\n\n\\n\n\n<p>The Zeocat Soluciones Ecol\u00f3gicas SLU website includes links to certain third-party websites over which Zeocat Soluciones Ecol\u00f3gicas SLU has no control. In such cases, Zeocat Soluciones Ecol\u00f3gicas SLU assumes no responsibility or commitment regarding the information contained on those pages.<\/p>\n\n\\n\n\n<h2>Update<\/h2>\n\n\\n\n\n<p>Document reviewed on March 2, 2026.<\/p>\n\n\",\"css\":\".el-element h2 {\\n\\tfont-size: 20px;\\n}\\n\\n.el-element h3 {\\n\\tfont-size: 18px;\\n}\",\"margin_bottom\":\"default\",\"margin_top\":\"default\"}}]}]}],\"name\":\"texto legal\"}],\"version\":\"5.0.28\"} --><\/p>\n","protected":false},"excerpt":{"rendered":"<p>Prior Recommendation Please read all sections of this legal notice and our privacy policy before using this website. The following conditions are binding for any user of the site. In compliance with the duty to provide information set out in Law 34\/2002 of July 11 on Information Society Services and Electronic Commerce (LSSI-CE), the following [&hellip;]<\/p>\n","protected":false},"author":1,"featured_media":0,"parent":0,"menu_order":0,"comment_status":"closed","ping_status":"closed","template":"","meta":{"_acf_changed":false,"footnotes":""},"class_list":["post-1035","page","type-page","status-publish","hentry"],"acf":[],"yoast_head":"<!-- This site is optimized with the Yoast SEO plugin v27.3 - https:\/\/yoast.com\/product\/yoast-seo-wordpress\/ -->\n<title>Legal Notice - ZeoCat<\/title>\n<meta name=\"robots\" content=\"index, follow, max-snippet:-1, max-image-preview:large, max-video-preview:-1\" \/>\n<link rel=\"canonical\" href=\"https:\/\/zeocat.es\/en\/legal-notice\/\" \/>\n<meta property=\"og:locale\" content=\"en_US\" \/>\n<meta property=\"og:type\" content=\"article\" \/>\n<meta property=\"og:title\" content=\"Legal Notice - ZeoCat\" \/>\n<meta property=\"og:description\" content=\"Prior Recommendation Please read all sections of this legal notice and our privacy policy before using this website. The following conditions are binding for any user of the site. In compliance with the duty to provide information set out in Law 34\/2002 of July 11 on Information Society Services and Electronic Commerce (LSSI-CE), the following [&hellip;]\" \/>\n<meta property=\"og:url\" content=\"https:\/\/zeocat.es\/en\/legal-notice\/\" \/>\n<meta property=\"og:site_name\" content=\"ZeoCat\" \/>\n<meta property=\"article:modified_time\" content=\"2026-04-10T08:36:54+00:00\" \/>\n<meta name=\"twitter:card\" content=\"summary_large_image\" \/>\n<meta name=\"twitter:label1\" content=\"Est. reading time\" \/>\n\t<meta name=\"twitter:data1\" content=\"4 minutes\" \/>\n<script type=\"application\/ld+json\" class=\"yoast-schema-graph\">{\"@context\":\"https:\\\/\\\/schema.org\",\"@graph\":[{\"@type\":\"WebPage\",\"@id\":\"https:\\\/\\\/zeocat.es\\\/en\\\/legal-notice\\\/\",\"url\":\"https:\\\/\\\/zeocat.es\\\/en\\\/legal-notice\\\/\",\"name\":\"Legal Notice - ZeoCat\",\"isPartOf\":{\"@id\":\"https:\\\/\\\/zeocat.es\\\/en\\\/#website\"},\"datePublished\":\"2025-11-03T15:44:08+00:00\",\"dateModified\":\"2026-04-10T08:36:54+00:00\",\"breadcrumb\":{\"@id\":\"https:\\\/\\\/zeocat.es\\\/en\\\/legal-notice\\\/#breadcrumb\"},\"inLanguage\":\"en-US\",\"potentialAction\":[{\"@type\":\"ReadAction\",\"target\":[\"https:\\\/\\\/zeocat.es\\\/en\\\/legal-notice\\\/\"]}]},{\"@type\":\"BreadcrumbList\",\"@id\":\"https:\\\/\\\/zeocat.es\\\/en\\\/legal-notice\\\/#breadcrumb\",\"itemListElement\":[{\"@type\":\"ListItem\",\"position\":1,\"name\":\"Home\",\"item\":\"https:\\\/\\\/zeocat.es\\\/en\\\/\"},{\"@type\":\"ListItem\",\"position\":2,\"name\":\"Legal Notice\"}]},{\"@type\":\"WebSite\",\"@id\":\"https:\\\/\\\/zeocat.es\\\/en\\\/#website\",\"url\":\"https:\\\/\\\/zeocat.es\\\/en\\\/\",\"name\":\"ZeoCat\",\"description\":\"Soluciones ecol\u00f3gicas con zeolita natural\",\"publisher\":{\"@id\":\"https:\\\/\\\/zeocat.es\\\/en\\\/#organization\"},\"potentialAction\":[{\"@type\":\"SearchAction\",\"target\":{\"@type\":\"EntryPoint\",\"urlTemplate\":\"https:\\\/\\\/zeocat.es\\\/en\\\/?s={search_term_string}\"},\"query-input\":{\"@type\":\"PropertyValueSpecification\",\"valueRequired\":true,\"valueName\":\"search_term_string\"}}],\"inLanguage\":\"en-US\"},{\"@type\":\"Organization\",\"@id\":\"https:\\\/\\\/zeocat.es\\\/en\\\/#organization\",\"name\":\"ZeoCat\",\"url\":\"https:\\\/\\\/zeocat.es\\\/en\\\/\",\"logo\":{\"@type\":\"ImageObject\",\"inLanguage\":\"en-US\",\"@id\":\"https:\\\/\\\/zeocat.es\\\/en\\\/#\\\/schema\\\/logo\\\/image\\\/\",\"url\":\"https:\\\/\\\/zeocat.es\\\/wp-content\\\/uploads\\\/2025\\\/11\\\/ZEOCAT-LOGO.png\",\"contentUrl\":\"https:\\\/\\\/zeocat.es\\\/wp-content\\\/uploads\\\/2025\\\/11\\\/ZEOCAT-LOGO.png\",\"width\":652,\"height\":112,\"caption\":\"ZeoCat\"},\"image\":{\"@id\":\"https:\\\/\\\/zeocat.es\\\/en\\\/#\\\/schema\\\/logo\\\/image\\\/\"}}]}<\/script>\n<!-- \/ Yoast SEO plugin. -->","yoast_head_json":{"title":"Legal Notice - ZeoCat","robots":{"index":"index","follow":"follow","max-snippet":"max-snippet:-1","max-image-preview":"max-image-preview:large","max-video-preview":"max-video-preview:-1"},"canonical":"https:\/\/zeocat.es\/en\/legal-notice\/","og_locale":"en_US","og_type":"article","og_title":"Legal Notice - ZeoCat","og_description":"Prior Recommendation Please read all sections of this legal notice and our privacy policy before using this website. The following conditions are binding for any user of the site. In compliance with the duty to provide information set out in Law 34\/2002 of July 11 on Information Society Services and Electronic Commerce (LSSI-CE), the following [&hellip;]","og_url":"https:\/\/zeocat.es\/en\/legal-notice\/","og_site_name":"ZeoCat","article_modified_time":"2026-04-10T08:36:54+00:00","twitter_card":"summary_large_image","twitter_misc":{"Est. reading time":"4 minutes"},"schema":{"@context":"https:\/\/schema.org","@graph":[{"@type":"WebPage","@id":"https:\/\/zeocat.es\/en\/legal-notice\/","url":"https:\/\/zeocat.es\/en\/legal-notice\/","name":"Legal Notice - ZeoCat","isPartOf":{"@id":"https:\/\/zeocat.es\/en\/#website"},"datePublished":"2025-11-03T15:44:08+00:00","dateModified":"2026-04-10T08:36:54+00:00","breadcrumb":{"@id":"https:\/\/zeocat.es\/en\/legal-notice\/#breadcrumb"},"inLanguage":"en-US","potentialAction":[{"@type":"ReadAction","target":["https:\/\/zeocat.es\/en\/legal-notice\/"]}]},{"@type":"BreadcrumbList","@id":"https:\/\/zeocat.es\/en\/legal-notice\/#breadcrumb","itemListElement":[{"@type":"ListItem","position":1,"name":"Home","item":"https:\/\/zeocat.es\/en\/"},{"@type":"ListItem","position":2,"name":"Legal Notice"}]},{"@type":"WebSite","@id":"https:\/\/zeocat.es\/en\/#website","url":"https:\/\/zeocat.es\/en\/","name":"ZeoCat","description":"Soluciones ecol\u00f3gicas con zeolita natural","publisher":{"@id":"https:\/\/zeocat.es\/en\/#organization"},"potentialAction":[{"@type":"SearchAction","target":{"@type":"EntryPoint","urlTemplate":"https:\/\/zeocat.es\/en\/?s={search_term_string}"},"query-input":{"@type":"PropertyValueSpecification","valueRequired":true,"valueName":"search_term_string"}}],"inLanguage":"en-US"},{"@type":"Organization","@id":"https:\/\/zeocat.es\/en\/#organization","name":"ZeoCat","url":"https:\/\/zeocat.es\/en\/","logo":{"@type":"ImageObject","inLanguage":"en-US","@id":"https:\/\/zeocat.es\/en\/#\/schema\/logo\/image\/","url":"https:\/\/zeocat.es\/wp-content\/uploads\/2025\/11\/ZEOCAT-LOGO.png","contentUrl":"https:\/\/zeocat.es\/wp-content\/uploads\/2025\/11\/ZEOCAT-LOGO.png","width":652,"height":112,"caption":"ZeoCat"},"image":{"@id":"https:\/\/zeocat.es\/en\/#\/schema\/logo\/image\/"}}]}},"_links":{"self":[{"href":"https:\/\/zeocat.es\/en\/wp-json\/wp\/v2\/pages\/1035","targetHints":{"allow":["GET"]}}],"collection":[{"href":"https:\/\/zeocat.es\/en\/wp-json\/wp\/v2\/pages"}],"about":[{"href":"https:\/\/zeocat.es\/en\/wp-json\/wp\/v2\/types\/page"}],"author":[{"embeddable":true,"href":"https:\/\/zeocat.es\/en\/wp-json\/wp\/v2\/users\/1"}],"replies":[{"embeddable":true,"href":"https:\/\/zeocat.es\/en\/wp-json\/wp\/v2\/comments?post=1035"}],"version-history":[{"count":6,"href":"https:\/\/zeocat.es\/en\/wp-json\/wp\/v2\/pages\/1035\/revisions"}],"predecessor-version":[{"id":1072,"href":"https:\/\/zeocat.es\/en\/wp-json\/wp\/v2\/pages\/1035\/revisions\/1072"}],"wp:attachment":[{"href":"https:\/\/zeocat.es\/en\/wp-json\/wp\/v2\/media?parent=1035"}],"curies":[{"name":"wp","href":"https:\/\/api.w.org\/{rel}","templated":true}]}}